{"id":3303,"date":"2025-09-17T10:09:49","date_gmt":"2025-09-17T10:09:49","guid":{"rendered":"https:\/\/alberguecredencial.com\/?page_id=3303"},"modified":"2025-09-17T10:19:58","modified_gmt":"2025-09-17T10:19:58","slug":"informativa-sulla-privacy-2","status":"publish","type":"page","link":"https:\/\/alberguecredencial.com\/it\/informativa-sulla-privacy-2\/","title":{"rendered":"Avviso legale"},"content":{"rendered":"\n<p><strong>DATI IDENTIFICATIVI DELLA PERSONA RESPONSABILE DEL SITO<\/strong><br>In ottemperanza all&#8217;obbligo di informazione di cui all&#8217;articolo 10 della Legge 34\/2002, dell&#8217;11 luglio, sui Servizi della Societ\u00e0 dell&#8217;Informazione e del Commercio Elettronico, si forniscono i seguenti dati:<\/p>\n\n\n\n<ul class=\"wp-block-list\">\n<li>Proprietario: <strong>TREVIJANO PEREZ S.L.<\/strong><\/li>\n\n\n\n<li>PARTITA IVA: <strong>B27453547<\/strong><\/li>\n\n\n\n<li>Sede legale: <strong>Calle Peregrino, 50, Bajo A, 27600 &#8211; Sarria (Lugo), Spagna<\/strong><\/li>\n\n\n\n<li>Telefono: <a href=\"tel:+34982876455\">982 87 64 55<\/a><\/li>\n\n\n\n<li>Email: <a href=\"mailto:info@alberguecredencial.com\">info@alberguecredencial.com<\/a><\/li>\n\n\n\n<li>Registro del Commercio: Registrato nel Registro del Commercio di Lugo.<\/li>\n<\/ul>\n\n\n\n<p>Il dominio <strong><a href=\"http:\/\/www.alberguecredencial.com\">www.alberguecredencial.com<\/a><\/strong> (di seguito, il &#8220;Sito Web&#8221;) \u00e8 di propriet\u00e0 di TREVIJANO PEREZ S.L.<\/p>\n\n\n\n<hr class=\"wp-block-separator has-alpha-channel-opacity\">\n\n\n\n<p><strong>UTENTE<\/strong><br>L&#8217;accesso e\/o l&#8217;utilizzo di questo portale attribuisce all&#8217;UTENTE la condizione di accettare, a partire da tale accesso e\/o utilizzo, le condizioni qui riportate.<\/p>\n\n\n\n<hr class=\"wp-block-separator has-alpha-channel-opacity\">\n\n\n\n<p><strong>UTILIZZO DEL SITO WEB<\/strong><br>Il Sito Web fornisce l&#8217;accesso a informazioni, servizi e prenotazioni di alloggi. L&#8217;UTENTE si impegna a fare un uso appropriato dei contenuti e dei servizi, astenendosi dall&#8217;utilizzarli per attivit\u00e0 illecite o contrarie alla buona fede. <\/p>\n\n\n\n<hr class=\"wp-block-separator has-alpha-channel-opacity\">\n\n\n\n<p><strong>PROPRIETA&#8217; INTELLETTUALE E INDUSTRIALE<\/strong><br>Tutti i contenuti del Sito (testi, immagini, design, loghi, ecc.) sono di propriet\u00e0 di TREVIJANO PEREZ S.L. o di terzi che ne hanno autorizzato l&#8217;uso. La loro riproduzione, distribuzione o comunicazione pubblica \u00e8 vietata senza autorizzazione. <\/p>\n\n\n\n<hr class=\"wp-block-separator has-alpha-channel-opacity\">\n\n\n\n<p><strong>ESCLUSIONE DI GARANZIE E RESPONSABILIT\u00c0<\/strong><br>TREVIJANO PEREZ S.L. non si assume alcuna responsabilit\u00e0 per i danni derivanti da errori nei contenuti, dalla mancata disponibilit\u00e0 del Sito web o dalla trasmissione di virus, nonostante abbia adottato misure tecnologiche per impedirlo.<\/p>\n\n\n\n<hr class=\"wp-block-separator has-alpha-channel-opacity\">\n\n\n\n<p><strong>MODIFICACIONES<\/strong><br>TREVIJANO PEREZ S.L. si riserva il diritto di apportare modifiche al sito web e al presente Avviso Legale senza preavviso.<\/p>\n\n\n\n<hr class=\"wp-block-separator has-alpha-channel-opacity\">\n\n\n\n<p><strong>LINK<\/strong><br>Il Sito pu\u00f2 contenere link a siti di terze parti. TREVIJANO PEREZ S.L. non \u00e8 responsabile dei loro contenuti o della disponibilit\u00e0 tecnica di tali siti. <\/p>\n\n\n\n<hr class=\"wp-block-separator has-alpha-channel-opacity\">\n\n\n\n<p><strong>LEGGE APPLICABILE E GIURISDIZIONE<\/strong><br>Il rapporto tra TREVIJANO PEREZ S.L. e l&#8217;UTENTE sar\u00e0 regolato dalla legge spagnola. Le parti si sottopongono alle Corti e ai Tribunali di Sarria (Lugo), salvo diversa disposizione di legge. <\/p>\n\n\n\n<hr class=\"wp-block-separator has-alpha-channel-opacity\">\n","protected":false},"excerpt":{"rendered":"<p>DATI IDENTIFICATIVI DELLA PERSONA RESPONSABILE DEL SITOIn ottemperanza all&#8217;obbligo di informazione di cui all&#8217;articolo 10 della Legge 34\/2002, dell&#8217;11 luglio, sui Servizi della Societ\u00e0 dell&#8217;Informazione e del Commercio Elettronico, si forniscono i seguenti dati: Il dominio www.alberguecredencial.com (di seguito, il &#8220;Sito Web&#8221;) \u00e8 di propriet\u00e0 di TREVIJANO PEREZ S.L. UTENTEL&#8217;accesso e\/o l&#8217;utilizzo di questo portale &hellip; <a href=\"https:\/\/alberguecredencial.com\/it\/informativa-sulla-privacy-2\/\" class=\"more-link\">Continue reading<span class=\"screen-reader-text\"> &#8220;Avviso legale&#8221;<\/span><\/a><\/p>\n","protected":false},"author":1,"featured_media":0,"parent":0,"menu_order":0,"comment_status":"closed","ping_status":"closed","template":"","meta":{"footnotes":""},"class_list":["post-3303","page","type-page","status-publish","hentry"],"_links":{"self":[{"href":"https:\/\/alberguecredencial.com\/it\/wp-json\/wp\/v2\/pages\/3303","targetHints":{"allow":["GET"]}}],"collection":[{"href":"https:\/\/alberguecredencial.com\/it\/wp-json\/wp\/v2\/pages"}],"about":[{"href":"https:\/\/alberguecredencial.com\/it\/wp-json\/wp\/v2\/types\/page"}],"author":[{"embeddable":true,"href":"https:\/\/alberguecredencial.com\/it\/wp-json\/wp\/v2\/users\/1"}],"replies":[{"embeddable":true,"href":"https:\/\/alberguecredencial.com\/it\/wp-json\/wp\/v2\/comments?post=3303"}],"version-history":[{"count":3,"href":"https:\/\/alberguecredencial.com\/it\/wp-json\/wp\/v2\/pages\/3303\/revisions"}],"predecessor-version":[{"id":3326,"href":"https:\/\/alberguecredencial.com\/it\/wp-json\/wp\/v2\/pages\/3303\/revisions\/3326"}],"wp:attachment":[{"href":"https:\/\/alberguecredencial.com\/it\/wp-json\/wp\/v2\/media?parent=3303"}],"curies":[{"name":"wp","href":"https:\/\/api.w.org\/{rel}","templated":true}]}}