{"id":2042,"date":"2018-07-19T13:15:33","date_gmt":"2018-07-19T13:15:33","guid":{"rendered":"https:\/\/alberguecredencial.com\/contact\/"},"modified":"2025-11-26T08:28:23","modified_gmt":"2025-11-26T08:28:23","slug":"contact","status":"publish","type":"page","link":"https:\/\/alberguecredencial.com\/fr\/contact\/","title":{"rendered":"Contact"},"content":{"rendered":"\t\t<div data-elementor-type=\"wp-post\" data-elementor-id=\"2042\" class=\"elementor elementor-2042 elementor-175\">\n\t\t\t\t\t\t<section class=\"elementor-section elementor-top-section elementor-element elementor-element-1f1debe elementor-section-boxed elementor-section-height-default elementor-section-height-default\" data-id=\"1f1debe\" data-element_type=\"section\">\n\t\t\t\t\t\t<div class=\"elementor-container elementor-column-gap-default\">\n\t\t\t\t\t<div class=\"elementor-column elementor-col-100 elementor-top-column elementor-element elementor-element-d5d6a5d\" data-id=\"d5d6a5d\" data-element_type=\"column\">\n\t\t\t<div class=\"elementor-widget-wrap elementor-element-populated\">\n\t\t\t\t\t\t<div class=\"elementor-element elementor-element-a4cec7e elementor-widget elementor-widget-text-editor\" data-id=\"a4cec7e\" data-element_type=\"widget\" data-widget_type=\"text-editor.default\">\n\t\t\t\t<div class=\"elementor-widget-container\">\n\t\t\t\t\t\t\t\t\t<p>\u00c0 la Pensi\u00f3n Credencial, nous nous soucions de votre exp\u00e9rience. Si vous avez des questions, si vous avez besoin d&#8217;informations suppl\u00e9mentaires ou si vous souhaitez faire une r\u00e9servation, n&#8217;h\u00e9sitez pas \u00e0 nous contacter. Notre \u00e9quipe est \u00e0 votre disposition pour vous aider.  <\/p>\t\t\t\t\t\t\t\t<\/div>\n\t\t\t\t<\/div>\n\t\t\t\t\t<\/div>\n\t\t<\/div>\n\t\t\t\t\t<\/div>\n\t\t<\/section>\n\t\t\t\t<section class=\"elementor-section elementor-top-section elementor-element elementor-element-f4792c9 elementor-section-boxed elementor-section-height-default elementor-section-height-default\" data-id=\"f4792c9\" data-element_type=\"section\">\n\t\t\t\t\t\t<div class=\"elementor-container elementor-column-gap-default\">\n\t\t\t\t\t<div class=\"elementor-column elementor-col-33 elementor-top-column elementor-element elementor-element-498c077\" data-id=\"498c077\" data-element_type=\"column\">\n\t\t\t<div class=\"elementor-widget-wrap elementor-element-populated\">\n\t\t\t\t\t\t<div class=\"elementor-element elementor-element-703a616 elementor-icon-list--layout-inline elementor-align-left elementor-list-item-link-full_width elementor-widget elementor-widget-icon-list\" data-id=\"703a616\" data-element_type=\"widget\" data-widget_type=\"icon-list.default\">\n\t\t\t\t<div class=\"elementor-widget-container\">\n\t\t\t\t\t\t\t<ul class=\"elementor-icon-list-items elementor-inline-items\">\n\t\t\t\t\t\t\t<li class=\"elementor-icon-list-item elementor-inline-item\">\n\t\t\t\t\t\t\t\t\t\t\t<a href=\"https:\/\/maps.app.goo.gl\/FVPmkJJ8h6ByAYUe8\" target=\"_blank\">\n\n\t\t\t\t\t\t\t\t\t\t\t\t<span class=\"elementor-icon-list-icon\">\n\t\t\t\t\t\t\t<svg aria-hidden=\"true\" class=\"e-font-icon-svg e-fas-map-marker-alt\" viewBox=\"0 0 384 512\" xmlns=\"http:\/\/www.w3.org\/2000\/svg\"><path d=\"M172.268 501.67C26.97 291.031 0 269.413 0 192 0 85.961 85.961 0 192 0s192 85.961 192 192c0 77.413-26.97 99.031-172.268 309.67-9.535 13.774-29.93 13.773-39.464 0zM192 272c44.183 0 80-35.817 80-80s-35.817-80-80-80-80 35.817-80 80 35.817 80 80 80z\"><\/path><\/svg>\t\t\t\t\t\t<\/span>\n\t\t\t\t\t\t\t\t\t\t<span class=\"elementor-icon-list-text\">R. Peregrino, 50, 27600 Sarria, Lugo<\/span>\n\t\t\t\t\t\t\t\t\t\t\t<\/a>\n\t\t\t\t\t\t\t\t\t<\/li>\n\t\t\t\t\t\t<\/ul>\n\t\t\t\t\t\t<\/div>\n\t\t\t\t<\/div>\n\t\t\t\t\t<\/div>\n\t\t<\/div>\n\t\t\t\t<div class=\"elementor-column elementor-col-33 elementor-top-column elementor-element elementor-element-7d9f94e\" data-id=\"7d9f94e\" data-element_type=\"column\">\n\t\t\t<div class=\"elementor-widget-wrap elementor-element-populated\">\n\t\t\t\t\t\t<div class=\"elementor-element elementor-element-f7690ec elementor-icon-list--layout-inline elementor-align-left elementor-list-item-link-full_width elementor-widget elementor-widget-icon-list\" data-id=\"f7690ec\" data-element_type=\"widget\" data-widget_type=\"icon-list.default\">\n\t\t\t\t<div class=\"elementor-widget-container\">\n\t\t\t\t\t\t\t<ul class=\"elementor-icon-list-items elementor-inline-items\">\n\t\t\t\t\t\t\t<li class=\"elementor-icon-list-item elementor-inline-item\">\n\t\t\t\t\t\t\t\t\t\t\t<a href=\"tel:982876455\" target=\"_blank\">\n\n\t\t\t\t\t\t\t\t\t\t\t\t<span class=\"elementor-icon-list-icon\">\n\t\t\t\t\t\t\t<svg aria-hidden=\"true\" class=\"e-font-icon-svg e-fas-mobile-alt\" viewBox=\"0 0 320 512\" xmlns=\"http:\/\/www.w3.org\/2000\/svg\"><path d=\"M272 0H48C21.5 0 0 21.5 0 48v416c0 26.5 21.5 48 48 48h224c26.5 0 48-21.5 48-48V48c0-26.5-21.5-48-48-48zM160 480c-17.7 0-32-14.3-32-32s14.3-32 32-32 32 14.3 32 32-14.3 32-32 32zm112-108c0 6.6-5.4 12-12 12H60c-6.6 0-12-5.4-12-12V60c0-6.6 5.4-12 12-12h200c6.6 0 12 5.4 12 12v312z\"><\/path><\/svg>\t\t\t\t\t\t<\/span>\n\t\t\t\t\t\t\t\t\t\t<span class=\"elementor-icon-list-text\">+34 982 87 64 55<\/span>\n\t\t\t\t\t\t\t\t\t\t\t<\/a>\n\t\t\t\t\t\t\t\t\t<\/li>\n\t\t\t\t\t\t<\/ul>\n\t\t\t\t\t\t<\/div>\n\t\t\t\t<\/div>\n\t\t\t\t\t<\/div>\n\t\t<\/div>\n\t\t\t\t<div class=\"elementor-column elementor-col-33 elementor-top-column elementor-element elementor-element-230ff72\" data-id=\"230ff72\" data-element_type=\"column\">\n\t\t\t<div class=\"elementor-widget-wrap elementor-element-populated\">\n\t\t\t\t\t\t<div class=\"elementor-element elementor-element-2a54445 elementor-icon-list--layout-inline elementor-align-left elementor-list-item-link-full_width elementor-widget elementor-widget-icon-list\" data-id=\"2a54445\" data-element_type=\"widget\" data-widget_type=\"icon-list.default\">\n\t\t\t\t<div class=\"elementor-widget-container\">\n\t\t\t\t\t\t\t<ul class=\"elementor-icon-list-items elementor-inline-items\">\n\t\t\t\t\t\t\t<li class=\"elementor-icon-list-item elementor-inline-item\">\n\t\t\t\t\t\t\t\t\t\t\t<a href=\"mailto:info@alberguecredencial.com\" target=\"_blank\">\n\n\t\t\t\t\t\t\t\t\t\t\t\t<span class=\"elementor-icon-list-icon\">\n\t\t\t\t\t\t\t<svg aria-hidden=\"true\" class=\"e-font-icon-svg e-fas-at\" viewBox=\"0 0 512 512\" xmlns=\"http:\/\/www.w3.org\/2000\/svg\"><path d=\"M256 8C118.941 8 8 118.919 8 256c0 137.059 110.919 248 248 248 48.154 0 95.342-14.14 135.408-40.223 12.005-7.815 14.625-24.288 5.552-35.372l-10.177-12.433c-7.671-9.371-21.179-11.667-31.373-5.129C325.92 429.757 291.314 440 256 440c-101.458 0-184-82.542-184-184S154.542 72 256 72c100.139 0 184 57.619 184 160 0 38.786-21.093 79.742-58.17 83.693-17.349-.454-16.91-12.857-13.476-30.024l23.433-121.11C394.653 149.75 383.308 136 368.225 136h-44.981a13.518 13.518 0 0 0-13.432 11.993l-.01.092c-14.697-17.901-40.448-21.775-59.971-21.775-74.58 0-137.831 62.234-137.831 151.46 0 65.303 36.785 105.87 96 105.87 26.984 0 57.369-15.637 74.991-38.333 9.522 34.104 40.613 34.103 70.71 34.103C462.609 379.41 504 307.798 504 232 504 95.653 394.023 8 256 8zm-21.68 304.43c-22.249 0-36.07-15.623-36.07-40.771 0-44.993 30.779-72.729 58.63-72.729 22.292 0 35.601 15.241 35.601 40.77 0 45.061-33.875 72.73-58.161 72.73z\"><\/path><\/svg>\t\t\t\t\t\t<\/span>\n\t\t\t\t\t\t\t\t\t\t<span class=\"elementor-icon-list-text\">info@alberguecredencial.com<\/span>\n\t\t\t\t\t\t\t\t\t\t\t<\/a>\n\t\t\t\t\t\t\t\t\t<\/li>\n\t\t\t\t\t\t<\/ul>\n\t\t\t\t\t\t<\/div>\n\t\t\t\t<\/div>\n\t\t\t\t\t<\/div>\n\t\t<\/div>\n\t\t\t\t\t<\/div>\n\t\t<\/section>\n\t\t\t\t<section class=\"elementor-section elementor-top-section elementor-element elementor-element-0cae2cd elementor-section-stretched elementor-section-boxed elementor-section-height-default elementor-section-height-default\" data-id=\"0cae2cd\" data-element_type=\"section\" data-settings=\"{&quot;stretch_section&quot;:&quot;section-stretched&quot;}\">\n\t\t\t\t\t\t<div class=\"elementor-container elementor-column-gap-default\">\n\t\t\t\t\t<div class=\"elementor-column elementor-col-50 elementor-top-column elementor-element elementor-element-c4eb51c\" data-id=\"c4eb51c\" data-element_type=\"column\">\n\t\t\t<div class=\"elementor-widget-wrap elementor-element-populated\">\n\t\t\t\t\t\t<div class=\"elementor-element elementor-element-a33f357 elementor-widget elementor-widget-heading\" data-id=\"a33f357\" data-element_type=\"widget\" data-widget_type=\"heading.default\">\n\t\t\t\t<div class=\"elementor-widget-container\">\n\t\t\t\t\t<h2 class=\"elementor-heading-title elementor-size-default\">Avez-vous des questions ?<\/h2>\t\t\t\t<\/div>\n\t\t\t\t<\/div>\n\t\t\t\t<div class=\"elementor-element elementor-element-b8e99ad elementor-widget__width-initial elementor-widget elementor-widget-image\" data-id=\"b8e99ad\" data-element_type=\"widget\" data-widget_type=\"image.default\">\n\t\t\t\t<div class=\"elementor-widget-container\">\n\t\t\t\t\t\t\t\t\t\t\t\t\t\t\t<img decoding=\"async\" width=\"202\" height=\"43\" src=\"https:\/\/alberguecredencial.com\/wp-content\/uploads\/2024\/07\/LUCIA-LP-PEREZ-4.webp\" class=\"attachment-full size-full wp-image-1545\" alt=\"\" \/>\t\t\t\t\t\t\t\t\t\t\t\t\t\t\t<\/div>\n\t\t\t\t<\/div>\n\t\t\t\t<div class=\"elementor-element elementor-element-fdd15aa elementor-widget elementor-widget-text-editor\" data-id=\"fdd15aa\" data-element_type=\"widget\" data-widget_type=\"text-editor.default\">\n\t\t\t\t<div class=\"elementor-widget-container\">\n\t\t\t\t\t\t\t\t\t<p>Nous sommes \u00e0 votre disposition pour r\u00e9pondre \u00e0 toutes vos questions et pr\u00e9occupations. N&#8217;h\u00e9sitez pas \u00e0 nous contacter via le formulaire de contact, par courriel ou par t\u00e9l\u00e9phone. <\/p><p><strong>Nous nous effor\u00e7ons de r\u00e9pondre \u00e0 toutes les demandes de renseignements le plus rapidement possible.<\/strong><\/p><p><strong>Heures de r\u00e9ception :<\/strong><br><span style=\"font-size: 1rem;\">Nous sommes \u00e0 votre disposition du lundi au dimanche de 7h00 \u00e0 20h00.<\/span><\/p>\t\t\t\t\t\t\t\t<\/div>\n\t\t\t\t<\/div>\n\t\t\t\t\t<\/div>\n\t\t<\/div>\n\t\t\t\t<div class=\"elementor-column elementor-col-50 elementor-top-column elementor-element elementor-element-c153643\" data-id=\"c153643\" data-element_type=\"column\">\n\t\t\t<div class=\"elementor-widget-wrap elementor-element-populated\">\n\t\t\t\t\t\t<div class=\"elementor-element elementor-element-4dfdfbe elementor-widget elementor-widget-heading\" data-id=\"4dfdfbe\" data-element_type=\"widget\" data-widget_type=\"heading.default\">\n\t\t\t\t<div class=\"elementor-widget-container\">\n\t\t\t\t\t<h2 class=\"elementor-heading-title elementor-size-default\">\u00c9crivez-nous \u00e0 l'adresse suivante<\/h2>\t\t\t\t<\/div>\n\t\t\t\t<\/div>\n\t\t\t\t<div class=\"elementor-element elementor-element-1c77e5b elementor-widget__width-initial elementor-widget elementor-widget-image\" data-id=\"1c77e5b\" data-element_type=\"widget\" data-widget_type=\"image.default\">\n\t\t\t\t<div class=\"elementor-widget-container\">\n\t\t\t\t\t\t\t\t\t\t\t\t\t\t\t<img decoding=\"async\" width=\"202\" height=\"43\" src=\"https:\/\/alberguecredencial.com\/wp-content\/uploads\/2024\/07\/LUCIA-LP-PEREZ-4.webp\" class=\"attachment-full size-full wp-image-1545\" alt=\"\" \/>\t\t\t\t\t\t\t\t\t\t\t\t\t\t\t<\/div>\n\t\t\t\t<\/div>\n\t\t\t\t<div class=\"elementor-element elementor-element-784d890 elementor-widget__width-initial elementor-widget elementor-widget-wpforms\" data-id=\"784d890\" data-element_type=\"widget\" data-widget_type=\"wpforms.default\">\n\t\t\t\t<div class=\"elementor-widget-container\">\n\t\t\t\t\t<style id=\"wpforms-css-vars-elementor-widget-784d890\">\n\t\t\t\t.elementor-widget-wpforms.elementor-element-784d890 {\n\t\t\t\t--wpforms-label-error-color: #DDBA7E;\n--wpforms-button-background-color: #8F5E2A;\n\t\t\t}\n\t\t\t<\/style><div class=\"wpforms-container wpforms-container-full wpforms-render-modern\" id=\"wpforms-514\"><form id=\"wpforms-form-514\" class=\"wpforms-validate wpforms-form wpforms-ajax-form\" data-formid=\"514\" method=\"post\" enctype=\"multipart\/form-data\" action=\"\/fr\/wp-json\/wp\/v2\/pages\/2042\" data-token=\"edc0b8c7e3ecaa4ea4dcbd5970c5edac\" data-token-time=\"1776599371\"><noscript class=\"wpforms-error-noscript\">Veuillez activer JavaScript dans votre navigateur pour remplir ce formulaire.<\/noscript><div id=\"wpforms-error-noscript\" style=\"display: none;\">Veuillez activer JavaScript dans votre navigateur pour remplir ce formulaire.<\/div><div class=\"wpforms-field-container\"><div id=\"wpforms-514-field_0-container\" class=\"wpforms-field wpforms-field-name\" data-field-id=\"0\"><label class=\"wpforms-field-label\" for=\"wpforms-514-field_0\">Nombre <span class=\"wpforms-required-label\" aria-hidden=\"true\">*<\/span><\/label><input type=\"text\" id=\"wpforms-514-field_0\" class=\"wpforms-field-medium wpforms-field-required\" name=\"wpforms[fields][0]\" aria-errormessage=\"wpforms-514-field_0-error\" required><\/div><div id=\"wpforms-514-field_1-container\" class=\"wpforms-field wpforms-field-email\" data-field-id=\"1\"><label class=\"wpforms-field-label\" for=\"wpforms-514-field_1\">Correo electr\u00f3nico <span class=\"wpforms-required-label\" aria-hidden=\"true\">*<\/span><\/label><input type=\"email\" id=\"wpforms-514-field_1\" class=\"wpforms-field-medium wpforms-field-required\" name=\"wpforms[fields][1]\" spellcheck=\"false\" aria-errormessage=\"wpforms-514-field_1-error\" required><\/div><div id=\"wpforms-514-field_2-container\" class=\"wpforms-field wpforms-field-textarea\" data-field-id=\"2\"><label class=\"wpforms-field-label\" for=\"wpforms-514-field_2\">Comentario o mensaje<\/label><textarea id=\"wpforms-514-field_2\" class=\"wpforms-field-medium\" name=\"wpforms[fields][2]\" aria-errormessage=\"wpforms-514-field_2-error\" ><\/textarea><\/div><div id=\"wpforms-514-field_3-container\" class=\"wpforms-field wpforms-field-radio\" data-field-id=\"3\"><fieldset><legend class=\"wpforms-field-label wpforms-label-hide\" aria-hidden=\"false\">Privacidad <span class=\"wpforms-required-label\" aria-hidden=\"true\">*<\/span><\/legend><ul id=\"wpforms-514-field_3\" class=\"wpforms-field-required\"><li class=\"choice-1 depth-1\"><input type=\"radio\" id=\"wpforms-514-field_3_1\" name=\"wpforms[fields][3]\" value=\"He le\u00eddo y acepto la &lt;a href=&quot;https:\/\/alberguecredencial.com\/politica-de-privacidad\/&quot; rel=&quot;nofollow&quot;&gt;Pol\u00edtica de privacidad&lt;\/a&gt;.\" aria-errormessage=\"wpforms-514-field_3_1-error\" required ><label class=\"wpforms-field-label-inline\" for=\"wpforms-514-field_3_1\">He le\u00eddo y acepto la <a href=\"https:\/\/alberguecredencial.com\/politica-de-privacidad\/\" rel=\"nofollow\">Pol\u00edtica de privacidad<\/a>.<\/label><\/li><\/ul><\/fieldset><\/div><\/div><!-- .wpforms-field-container --><div class=\"wpforms-recaptcha-container wpforms-is-recaptcha wpforms-is-recaptcha-type-v3\" ><input type=\"hidden\" name=\"wpforms[recaptcha]\" value=\"\"><\/div><div class=\"wpforms-submit-container\" ><input type=\"hidden\" name=\"wpforms[id]\" value=\"514\"><input type=\"hidden\" name=\"page_title\" value=\"\"><input type=\"hidden\" name=\"page_url\" value=\"https:\/\/alberguecredencial.com\/fr\/wp-json\/wp\/v2\/pages\/2042\"><input type=\"hidden\" name=\"url_referer\" value=\"\"><button type=\"submit\" name=\"wpforms[submit]\" id=\"wpforms-submit-514\" class=\"wpforms-submit\" data-alt-text=\"Enviando...\" data-submit-text=\"Enviar\" aria-live=\"assertive\" value=\"wpforms-submit\">Enviar<\/button><img decoding=\"async\" src=\"https:\/\/alberguecredencial.com\/wp-content\/plugins\/wpforms-lite\/assets\/images\/submit-spin.svg\" class=\"wpforms-submit-spinner\" style=\"display: none;\" width=\"26\" height=\"26\" alt=\"Chargement en cours\"><\/div><\/form><\/div>  <!-- .wpforms-container -->\t\t\t\t<\/div>\n\t\t\t\t<\/div>\n\t\t\t\t\t<\/div>\n\t\t<\/div>\n\t\t\t\t\t<\/div>\n\t\t<\/section>\n\t\t\t\t<section class=\"elementor-section elementor-top-section elementor-element elementor-element-c04e970 elementor-section-full_width elementor-section-stretched elementor-section-height-default elementor-section-height-default\" data-id=\"c04e970\" data-element_type=\"section\" data-settings=\"{&quot;stretch_section&quot;:&quot;section-stretched&quot;}\">\n\t\t\t\t\t\t<div class=\"elementor-container elementor-column-gap-no\">\n\t\t\t\t\t<div class=\"elementor-column elementor-col-100 elementor-top-column elementor-element elementor-element-aa533a8\" data-id=\"aa533a8\" data-element_type=\"column\">\n\t\t\t<div class=\"elementor-widget-wrap elementor-element-populated\">\n\t\t\t\t\t\t<div class=\"elementor-element elementor-element-c268168 elementor-widget elementor-widget-html\" data-id=\"c268168\" data-element_type=\"widget\" data-widget_type=\"html.default\">\n\t\t\t\t<div class=\"elementor-widget-container\">\n\t\t\t\t\t<iframe src=\"https:\/\/www.google.com\/maps\/embed?pb=!1m18!1m12!1m3!1d2928.639640085266!2d-7.411648823505045!3d42.77482590879651!2m3!1f0!2f0!3f0!3m2!1i1024!2i768!4f13.1!3m3!1m2!1s0xd3047dbd8325039%3A0x750f9f419b98a8c2!2sAlbergue%20Credencial!5e0!3m2!1ses!2ses!4v1721985205867!5m2!1ses!2ses\" width=\"600\" height=\"450\" style=\"border:0;\" allowfullscreen=\"\" loading=\"lazy\" referrerpolicy=\"no-referrer-when-downgrade\"><\/iframe>\t\t\t\t<\/div>\n\t\t\t\t<\/div>\n\t\t\t\t\t<\/div>\n\t\t<\/div>\n\t\t\t\t\t<\/div>\n\t\t<\/section>\n\t\t<div class=\"elementor-element elementor-element-b833260 e-flex e-con-boxed e-con e-parent\" data-id=\"b833260\" data-element_type=\"container\">\n\t\t\t\t\t<div class=\"e-con-inner\">\n\t\t<div class=\"elementor-element elementor-element-326c15d e-con-full e-flex e-con e-child\" data-id=\"326c15d\" data-element_type=\"container\">\n\t\t\t\t<div class=\"elementor-element elementor-element-6f4bc47 elementor-widget__width-initial elementor-widget elementor-widget-image\" data-id=\"6f4bc47\" data-element_type=\"widget\" data-widget_type=\"image.default\">\n\t\t\t\t<div class=\"elementor-widget-container\">\n\t\t\t\t\t\t\t\t\t\t\t\t\t\t\t<img fetchpriority=\"high\" decoding=\"async\" width=\"512\" height=\"512\" src=\"https:\/\/alberguecredencial.com\/wp-content\/uploads\/2025\/11\/Grupo-Credencial.png\" class=\"attachment-large size-large wp-image-3440\" alt=\"\" srcset=\"https:\/\/alberguecredencial.com\/wp-content\/uploads\/2025\/11\/Grupo-Credencial.png 512w, https:\/\/alberguecredencial.com\/wp-content\/uploads\/2025\/11\/Grupo-Credencial-300x300.png 300w, https:\/\/alberguecredencial.com\/wp-content\/uploads\/2025\/11\/Grupo-Credencial-150x150.png 150w\" sizes=\"(max-width: 512px) 100vw, 512px\" \/>\t\t\t\t\t\t\t\t\t\t\t\t\t\t\t<\/div>\n\t\t\t\t<\/div>\n\t\t\t\t<div class=\"elementor-element elementor-element-f7eee95 elementor-widget__width-initial elementor-widget elementor-widget-text-editor\" data-id=\"f7eee95\" data-element_type=\"widget\" data-widget_type=\"text-editor.default\">\n\t\t\t\t<div class=\"elementor-widget-container\">\n\t\t\t\t\t\t\t\t\t<p>Le groupe Credencial dispose \u00e9galement d&#8217;appartements et de maisons d&#8217;h\u00f4tes qui offrent des possibilit\u00e9s d&#8217;h\u00e9bergement vari\u00e9es et adapt\u00e9es aux besoins de tous nos clients.<\/p>\t\t\t\t\t\t\t\t<\/div>\n\t\t\t\t<\/div>\n\t\t\t\t<\/div>\n\t\t\t\t\t<\/div>\n\t\t\t\t<\/div>\n\t\t<div class=\"elementor-element elementor-element-c46cb4b e-flex e-con-boxed e-con e-parent\" data-id=\"c46cb4b\" data-element_type=\"container\">\n\t\t\t\t\t<div class=\"e-con-inner\">\n\t\t<div class=\"elementor-element elementor-element-04b4e0c e-con-full e-flex e-con e-child\" data-id=\"04b4e0c\" data-element_type=\"container\">\n\t\t\t\t<div class=\"elementor-element elementor-element-894c54a elementor-widget elementor-widget-stratum-banner\" data-id=\"894c54a\" data-element_type=\"widget\" data-widget_type=\"stratum-banner.default\">\n\t\t\t\t<div class=\"elementor-widget-container\">\n\t\t\t\t\t<figure class=\"stratum-banner stratum-effect-taurus has-text-animation-opacity \">\n        <a href=\"https:\/\/pensioncredencial.com\/\" class=\"stratum-banner__link\"\n\t\t   \t\t\t\ttarget=\"_blank\"\n\t\t\t\t        >\n\t\t            <div class=\"stratum-banner__wrapper\">\n\t\t\t\t                    <img decoding=\"async\" src=\"\" class=\"stratum-banner__image wp-image-411\" srcset=\"https:\/\/alberguecredencial.com\/wp-content\/uploads\/2024\/07\/Diseno-sin-titulo-2024-07-19T101954.169.webp 1920w, https:\/\/alberguecredencial.com\/wp-content\/uploads\/2024\/07\/Diseno-sin-titulo-2024-07-19T101954.169-300x203.webp 300w, https:\/\/alberguecredencial.com\/wp-content\/uploads\/2024\/07\/Diseno-sin-titulo-2024-07-19T101954.169-1024x694.webp 1024w, https:\/\/alberguecredencial.com\/wp-content\/uploads\/2024\/07\/Diseno-sin-titulo-2024-07-19T101954.169-768x520.webp 768w, https:\/\/alberguecredencial.com\/wp-content\/uploads\/2024\/07\/Diseno-sin-titulo-2024-07-19T101954.169-1536x1040.webp 1536w, https:\/\/alberguecredencial.com\/wp-content\/uploads\/2024\/07\/Diseno-sin-titulo-2024-07-19T101954.169-840x569.webp 840w\"\/>\n\t\t\t\t\t            <div class=\"stratum-banner__overlay\"><\/div>\n                <figcaption class=\"stratum-banner__content\">\n\t\t\t\t\t<div class=\"stratum-banner__content-wrapper\">\n\t\t\t\t\t\t<div class=\"stratum-banner__content-container\">\n\t\t\t\t\t\t\t<h5 class=\"stratum-banner__title\">PENSION DE RETRAITE<\/h5>\n\t\t\t\t\t\t\t<div class=\"stratum-banner__text\">Avec ses chambres confortables, notre maison d'h\u00f4tes allie hospitalit\u00e9 et confort, offrant une exp\u00e9rience inoubliable aux p\u00e8lerins et aux visiteurs de Sarria.<\/div>\n\t\t\t\t\t\t<\/div>\n                    <\/div>\n                <\/figcaption>\n            <\/div>\n\t\t    <\/a>\n<\/figure>\n\t\t\t\t<\/div>\n\t\t\t\t<\/div>\n\t\t\t\t<\/div>\n\t\t<div class=\"elementor-element elementor-element-65e7894 e-con-full e-flex e-con e-child\" data-id=\"65e7894\" data-element_type=\"container\">\n\t\t\t\t<div class=\"elementor-element elementor-element-22829aa elementor-widget elementor-widget-stratum-banner\" data-id=\"22829aa\" data-element_type=\"widget\" data-widget_type=\"stratum-banner.default\">\n\t\t\t\t<div class=\"elementor-widget-container\">\n\t\t\t\t\t<figure class=\"stratum-banner stratum-effect-taurus has-text-animation-opacity \">\n        <a href=\"http:\/\/apartamentoscredencial.com\/\" class=\"stratum-banner__link\"\n\t\t   \t\t\t\ttarget=\"_blank\"\n\t\t\t\t        >\n\t\t            <div class=\"stratum-banner__wrapper\">\n\t\t\t\t                    <img decoding=\"async\" src=\"\" class=\"stratum-banner__image wp-image-435\" srcset=\"https:\/\/alberguecredencial.com\/wp-content\/uploads\/2024\/07\/Diseno-sin-titulo-2024-07-19T113347.024.webp 1920w, https:\/\/alberguecredencial.com\/wp-content\/uploads\/2024\/07\/Diseno-sin-titulo-2024-07-19T113347.024-300x203.webp 300w, https:\/\/alberguecredencial.com\/wp-content\/uploads\/2024\/07\/Diseno-sin-titulo-2024-07-19T113347.024-1024x694.webp 1024w, https:\/\/alberguecredencial.com\/wp-content\/uploads\/2024\/07\/Diseno-sin-titulo-2024-07-19T113347.024-768x520.webp 768w, https:\/\/alberguecredencial.com\/wp-content\/uploads\/2024\/07\/Diseno-sin-titulo-2024-07-19T113347.024-1536x1040.webp 1536w, https:\/\/alberguecredencial.com\/wp-content\/uploads\/2024\/07\/Diseno-sin-titulo-2024-07-19T113347.024-840x569.webp 840w\"\/>\n\t\t\t\t\t            <div class=\"stratum-banner__overlay\"><\/div>\n                <figcaption class=\"stratum-banner__content\">\n\t\t\t\t\t<div class=\"stratum-banner__content-wrapper\">\n\t\t\t\t\t\t<div class=\"stratum-banner__content-container\">\n\t\t\t\t\t\t\t<h5 class=\"stratum-banner__title\">LES APPARTEMENTS D&#039;ACCR\u00c9DITATION<\/h5>\n\t\t\t\t\t\t\t<div class=\"stratum-banner__text\">Nos appartements sont con\u00e7us pour vous offrir un s\u00e9jour confortable et relaxant, avec tous les \u00e9quipements modernes dont vous avez besoin.<\/div>\n\t\t\t\t\t\t<\/div>\n                    <\/div>\n                <\/figcaption>\n            <\/div>\n\t\t    <\/a>\n<\/figure>\n\t\t\t\t<\/div>\n\t\t\t\t<\/div>\n\t\t\t\t<\/div>\n\t\t\t\t\t<\/div>\n\t\t\t\t<\/div>\n\t\t\t\t<\/div>\n\t\t","protected":false},"excerpt":{"rendered":"<p>\u00c0 la Pensi\u00f3n Credencial, nous nous soucions de votre exp\u00e9rience. Si vous avez des questions, si vous avez besoin d&#8217;informations suppl\u00e9mentaires ou si vous souhaitez faire une r\u00e9servation, n&#8217;h\u00e9sitez pas \u00e0 nous contacter. Notre \u00e9quipe est \u00e0 votre disposition pour vous aider. R. Peregrino, 50, 27600 Sarria, Lugo +34 982 87 64 55 info@alberguecredencial.com Avez-vous &hellip; <a href=\"https:\/\/alberguecredencial.com\/fr\/contact\/\" class=\"more-link\">Continue reading<span class=\"screen-reader-text\"> &#8220;Contact&#8221;<\/span><\/a><\/p>\n","protected":false},"author":1,"featured_media":1895,"parent":0,"menu_order":0,"comment_status":"closed","ping_status":"closed","template":"template-full-width-page.php","meta":{"footnotes":""},"class_list":["post-2042","page","type-page","status-publish","has-post-thumbnail","hentry"],"_links":{"self":[{"href":"https:\/\/alberguecredencial.com\/fr\/wp-json\/wp\/v2\/pages\/2042","targetHints":{"allow":["GET"]}}],"collection":[{"href":"https:\/\/alberguecredencial.com\/fr\/wp-json\/wp\/v2\/pages"}],"about":[{"href":"https:\/\/alberguecredencial.com\/fr\/wp-json\/wp\/v2\/types\/page"}],"author":[{"embeddable":true,"href":"https:\/\/alberguecredencial.com\/fr\/wp-json\/wp\/v2\/users\/1"}],"replies":[{"embeddable":true,"href":"https:\/\/alberguecredencial.com\/fr\/wp-json\/wp\/v2\/comments?post=2042"}],"version-history":[{"count":3,"href":"https:\/\/alberguecredencial.com\/fr\/wp-json\/wp\/v2\/pages\/2042\/revisions"}],"predecessor-version":[{"id":3575,"href":"https:\/\/alberguecredencial.com\/fr\/wp-json\/wp\/v2\/pages\/2042\/revisions\/3575"}],"wp:featuredmedia":[{"embeddable":true,"href":"https:\/\/alberguecredencial.com\/fr\/wp-json\/wp\/v2\/media\/1895"}],"wp:attachment":[{"href":"https:\/\/alberguecredencial.com\/fr\/wp-json\/wp\/v2\/media?parent=2042"}],"curies":[{"name":"wp","href":"https:\/\/api.w.org\/{rel}","templated":true}]}}